{"id":24,"date":"2019-10-30T08:04:10","date_gmt":"2019-10-30T08:04:10","guid":{"rendered":"https:\/\/demo.casethemes.net\/consultio-finance5\/?page_id=24"},"modified":"2023-04-10T19:52:30","modified_gmt":"2023-04-10T19:52:30","slug":"contact","status":"publish","type":"page","link":"https:\/\/jozzmendoza.com.mx\/index.php\/contact\/","title":{"rendered":"Contacto"},"content":{"rendered":"\t\t<div data-elementor-type=\"wp-page\" data-elementor-id=\"24\" class=\"elementor elementor-24\">\n\t\t\t\t        <section class=\"elementor-section elementor-top-section elementor-element elementor-element-d8bdc5a elementor-section-boxed elementor-section-height-default elementor-section-height-default ct-header-fixed-none ct-row-max-none\" data-id=\"d8bdc5a\" data-element_type=\"section\">\n            \n                        <div class=\"elementor-container elementor-column-gap-extended \">\n                    <div class=\"elementor-column elementor-col-50 elementor-top-column elementor-element elementor-element-13f51f0\" data-id=\"13f51f0\" data-element_type=\"column\">\n        <div class=\"elementor-widget-wrap elementor-element-populated\">\n                    \n        \t\t<div class=\"elementor-element elementor-element-12c802c elementor-widget elementor-widget-image\" data-id=\"12c802c\" data-element_type=\"widget\" data-widget_type=\"image.default\">\n\t\t\t\t<div class=\"elementor-widget-container\">\n\t\t\t<style>\/*! elementor - v3.19.0 - 26-02-2024 *\/\n.elementor-widget-image{text-align:center}.elementor-widget-image a{display:inline-block}.elementor-widget-image a img[src$=\".svg\"]{width:48px}.elementor-widget-image img{vertical-align:middle;display:inline-block}<\/style>\t\t\t\t\t\t\t\t\t\t<img fetchpriority=\"high\" decoding=\"async\" width=\"1000\" height=\"1083\" src=\"https:\/\/jozzmendoza.com.mx\/wp-content\/uploads\/2023\/03\/IMG_0126.jpg\" class=\"attachment-full size-full wp-image-8940\" alt=\"\" srcset=\"https:\/\/jozzmendoza.com.mx\/wp-content\/uploads\/2023\/03\/IMG_0126.jpg 1000w, https:\/\/jozzmendoza.com.mx\/wp-content\/uploads\/2023\/03\/IMG_0126-277x300.jpg 277w, https:\/\/jozzmendoza.com.mx\/wp-content\/uploads\/2023\/03\/IMG_0126-946x1024.jpg 946w, https:\/\/jozzmendoza.com.mx\/wp-content\/uploads\/2023\/03\/IMG_0126-768x832.jpg 768w\" sizes=\"(max-width: 1000px) 100vw, 1000px\" \/>\t\t\t\t\t\t\t\t\t\t\t\t\t<\/div>\n\t\t\t\t<\/div>\n\t\t            <\/div>\n        <\/div>\n                <div class=\"elementor-column elementor-col-50 elementor-top-column elementor-element elementor-element-4c2fc51\" data-id=\"4c2fc51\" data-element_type=\"column\">\n        <div class=\"elementor-widget-wrap elementor-element-populated\">\n                    \n        \t\t<div class=\"elementor-element elementor-element-d6bfcba elementor-widget elementor-widget-ct_heading\" data-id=\"d6bfcba\" data-element_type=\"widget\" data-widget_type=\"ct_heading.default\">\n\t\t\t\t<div class=\"elementor-widget-container\">\n\t\t\t<div id=\"ct_heading-d6bfcba\" class=\"ct-heading h-align- sub- ct-heading-left item-st-line-top1\">\r\n\t<div class=\"ct-item--inner\">\r\n        <div class=\"ct-inline-css\"  data-css=\"\r\n            \">\r\n        <\/div>\r\n                <h3 class=\"item--title st-line-top1 case-animate-time\" data-wow-delay=\"ms\">\r\n                            <div class=\"ct-heading-divider\"><span><\/span><\/div>\r\n                        <span class=\"sp-main\">\r\n                \r\n                Doctora en Educaci\u00f3n \nProfesora e Investigadora en la Universidad Pedag\u00f3gica Nacional Unidad 211 Puebla\n\r\n                \r\n                            <\/span>\r\n                    <\/h3>\r\n    <\/div>\r\n<\/div>\t\t<\/div>\n\t\t\t\t<\/div>\n\t\t\t\t<div class=\"elementor-element elementor-element-f409baa elementor-widget elementor-widget-ct_ctf7\" data-id=\"f409baa\" data-element_type=\"widget\" data-widget_type=\"ct_ctf7.default\">\n\t\t\t\t<div class=\"elementor-widget-container\">\n\t\t\t    <div class=\"ct-contact-form-layout1 style1 \">\r\n                <div class=\"ct-contact-form-inner\">\r\n        \t            <div class=\"ct-contact-form\">\r\n                \n<div class=\"wpcf7 no-js\" id=\"wpcf7-f91-o1\" lang=\"en-US\" dir=\"ltr\">\n<div class=\"screen-reader-response\"><p role=\"status\" aria-live=\"polite\" aria-atomic=\"true\"><\/p> <ul><\/ul><\/div>\n<form action=\"\/index.php\/wp-json\/wp\/v2\/pages\/24#wpcf7-f91-o1\" method=\"post\" class=\"wpcf7-form init\" aria-label=\"Contact form\" novalidate=\"novalidate\" data-status=\"init\">\n<div style=\"display: none;\">\n<input type=\"hidden\" name=\"_wpcf7\" value=\"91\" \/>\n<input type=\"hidden\" name=\"_wpcf7_version\" value=\"5.8.7\" \/>\n<input type=\"hidden\" name=\"_wpcf7_locale\" value=\"en_US\" \/>\n<input type=\"hidden\" name=\"_wpcf7_unit_tag\" value=\"wpcf7-f91-o1\" \/>\n<input type=\"hidden\" name=\"_wpcf7_container_post\" value=\"0\" \/>\n<input type=\"hidden\" name=\"_wpcf7_posted_data_hash\" value=\"\" \/>\n<\/div>\n<div class=\"input-filled\">\n\t<p><span class=\"wpcf7-form-control-wrap\" data-name=\"your-name\"><input size=\"40\" class=\"wpcf7-form-control wpcf7-text wpcf7-validates-as-required\" aria-required=\"true\" aria-invalid=\"false\" placeholder=\"Tu nombre*\" value=\"\" type=\"text\" name=\"your-name\" \/><\/span>\n\t<\/p>\n<\/div>\n<div class=\"input-filled\">\n\t<p><span class=\"wpcf7-form-control-wrap\" data-name=\"your-email\"><input size=\"40\" class=\"wpcf7-form-control wpcf7-email wpcf7-validates-as-required wpcf7-text wpcf7-validates-as-email\" aria-required=\"true\" aria-invalid=\"false\" placeholder=\"Tu email*\" value=\"\" type=\"email\" name=\"your-email\" \/><\/span>\n\t<\/p>\n<\/div>\n<div class=\"input-filled\">\n\t<p><span class=\"wpcf7-form-control-wrap\" data-name=\"your-phone\"><input size=\"40\" class=\"wpcf7-form-control wpcf7-text wpcf7-validates-as-required\" aria-required=\"true\" aria-invalid=\"false\" placeholder=\"Tel\u00e9fono*\" value=\"\" type=\"text\" name=\"your-phone\" \/><\/span>\n\t<\/p>\n<\/div>\n<div class=\"input-filled\">\n\t<p><span class=\"wpcf7-form-control-wrap\" data-name=\"your-subject\"><select class=\"wpcf7-form-control wpcf7-select wpcf7-validates-as-required\" aria-required=\"true\" aria-invalid=\"false\" name=\"your-subject\"><option value=\"Asunto\">Asunto<\/option><option value=\"Ponencia\">Ponencia<\/option><option value=\"Capacitaci\u00f3n\">Capacitaci\u00f3n<\/option><option value=\"Trabajo\">Trabajo<\/option><option value=\"Investigaci\u00f3n\">Investigaci\u00f3n<\/option><\/select><\/span>\n\t<\/p>\n<\/div>\n<div class=\"input-filled\">\n\t<p><button type=\"submit\" class=\"wpcf7-submit btn btn-block\"><i class=\"fac fac-check-circle space-right\"><\/i>Enviar<\/button>\n\t<\/p>\n<\/div><div class=\"wpcf7-response-output\" aria-hidden=\"true\"><\/div>\n<\/form>\n<\/div>\n            <\/div>\r\n        <\/div>\r\n            <\/div>\r\n\t\t<\/div>\n\t\t\t\t<\/div>\n\t\t            <\/div>\n        <\/div>\n                    <\/div>\n        <\/section>\n        \t\t<\/div>\n\t\t","protected":false},"excerpt":{"rendered":"<p>Doctora en Educaci\u00f3n Profesora e Investigadora en la Universidad Pedag\u00f3gica Nacional Unidad 211 Puebla AsuntoPonenciaCapacitaci\u00f3nTrabajoInvestigaci\u00f3n Enviar<\/p>\n","protected":false},"author":1,"featured_media":0,"parent":0,"menu_order":0,"comment_status":"closed","ping_status":"closed","template":"","meta":{"footnotes":""},"class_list":["post-24","page","type-page","status-publish","hentry"],"_links":{"self":[{"href":"https:\/\/jozzmendoza.com.mx\/index.php\/wp-json\/wp\/v2\/pages\/24","targetHints":{"allow":["GET"]}}],"collection":[{"href":"https:\/\/jozzmendoza.com.mx\/index.php\/wp-json\/wp\/v2\/pages"}],"about":[{"href":"https:\/\/jozzmendoza.com.mx\/index.php\/wp-json\/wp\/v2\/types\/page"}],"author":[{"embeddable":true,"href":"https:\/\/jozzmendoza.com.mx\/index.php\/wp-json\/wp\/v2\/users\/1"}],"replies":[{"embeddable":true,"href":"https:\/\/jozzmendoza.com.mx\/index.php\/wp-json\/wp\/v2\/comments?post=24"}],"version-history":[{"count":16,"href":"https:\/\/jozzmendoza.com.mx\/index.php\/wp-json\/wp\/v2\/pages\/24\/revisions"}],"predecessor-version":[{"id":9184,"href":"https:\/\/jozzmendoza.com.mx\/index.php\/wp-json\/wp\/v2\/pages\/24\/revisions\/9184"}],"wp:attachment":[{"href":"https:\/\/jozzmendoza.com.mx\/index.php\/wp-json\/wp\/v2\/media?parent=24"}],"curies":[{"name":"wp","href":"https:\/\/api.w.org\/{rel}","templated":true}]}}